{"id":124,"date":"2013-07-25T02:35:04","date_gmt":"2013-07-25T02:35:04","guid":{"rendered":"https:\/\/www.odontologiabordelnieto.es\/?page_id=124"},"modified":"2013-09-18T18:26:53","modified_gmt":"2013-09-18T18:26:53","slug":"endodoncia","status":"publish","type":"page","link":"https:\/\/www.odontologiabordelnieto.es\/?page_id=124","title":{"rendered":"Endodoncia"},"content":{"rendered":"<p>&nbsp;<\/p>\n<table style=\"background-color: #dddddd; border-width: 0px; border-color: #ffffff;\" border=\"0\">\n<tbody>\n<tr>\n<td style=\"background-color: #dddddd;\">\n<p style=\"text-align: justify;\">La endodoncia es el tratamiento de la pulpa dentaria, cuando \u00e9sta se ve afectada por una gran caries o existen s\u00edntomas de pulpitis.<\/p>\n<p style=\"text-align: justify;\">La pulpa contiene vasos y nervios, se encuentra en el interior de los dientes, en la parte dental de la ra\u00edz.<\/p>\n<p style=\"text-align: justify;\">En la endodoncia eliminamos el tejido pulpar enfermo. Se realiza con anestesia local. Mediante una ligera apertura se extrae el tejido da\u00f1ado, limpi\u00e1ndolo con la t\u00e9cnica y material adecuados, posteriormente se cierra realizando un sellado tridimensional del conducto. Todo ello bajo un control\u00a0radiol\u00f3gico.<\/p>\n<p style=\"text-align: justify;\">Despu\u00e9s se realizar\u00e1 la t\u00e9cnica de restauraci\u00f3n m\u00e1s adecuada para cada caso, con empastes, pernos intrarradiculares (tornillos en la raiz)\u00a0y\/o coronas.<\/p>\n<p style=\"text-align: justify;\">Con la endodoncia conseguimos conservar en boca piezas dentarias que de otra forma habr\u00eda que extraer.<\/p>\n<div id=\"attachment_338\" style=\"width: 226px\" class=\"wp-caption aligncenter\"><a href=\"https:\/\/www.odontologiabordelnieto.es\/wp-content\/uploads\/ENDODONCIA1.jpg\"><img aria-describedby=\"caption-attachment-338\" decoding=\"async\" loading=\"lazy\" class=\" wp-image-338\" title=\"Endodoncia Premolares Superiores\" alt=\"Endodoncia Premolares Superiores\" src=\"https:\/\/www.odontologiabordelnieto.es\/wp-content\/uploads\/ENDODONCIA1.jpg\" width=\"216\" height=\"163\" \/><\/a><p id=\"caption-attachment-338\" class=\"wp-caption-text\">Endodoncia Premolares Superiores<\/p><\/div>\n<p><div id=\"attachment_339\" style=\"width: 225px\" class=\"wp-caption aligncenter\"><a href=\"https:\/\/www.odontologiabordelnieto.es\/wp-content\/uploads\/ENDODONCIA2.jpg\"><img aria-describedby=\"caption-attachment-339\" decoding=\"async\" loading=\"lazy\" class=\" wp-image-339\" title=\"Endodoncia molar inferior\" alt=\"Endodoncia molar inferior\" src=\"https:\/\/www.odontologiabordelnieto.es\/wp-content\/uploads\/ENDODONCIA2.jpg\" width=\"215\" height=\"161\" \/><\/a><p id=\"caption-attachment-339\" class=\"wp-caption-text\">Endodoncia molar inferior<\/p><\/div><\/td>\n<\/tr>\n<\/tbody>\n<\/table>\n<p><\/p>\n","protected":false},"excerpt":{"rendered":"<p>&nbsp; La endodoncia es el tratamiento de la pulpa dentaria, cuando \u00e9sta se ve afectada por una gran caries o existen s\u00edntomas de pulpitis. La pulpa contiene vasos y nervios, se encuentra en el interior de los dientes, en la&hellip;<\/p>\n<p class=\"more-link-p\"><a class=\"more-link\" href=\"https:\/\/www.odontologiabordelnieto.es\/?page_id=124\">Read more &rarr;<\/a><\/p>\n","protected":false},"author":1,"featured_media":0,"parent":0,"menu_order":0,"comment_status":"closed","ping_status":"open","template":"","meta":[],"yoast_head":"<!-- This site is optimized with the Yoast SEO plugin v19.10 - https:\/\/yoast.com\/wordpress\/plugins\/seo\/ -->\n<title>Endodoncia - Odontolog\u00eda BORDEL NIETO<\/title>\n<meta name=\"robots\" content=\"index, follow, max-snippet:-1, max-image-preview:large, max-video-preview:-1\" \/>\n<link rel=\"canonical\" href=\"https:\/\/www.odontologiabordelnieto.es\/?page_id=124\" \/>\n<meta property=\"og:locale\" content=\"es_ES\" \/>\n<meta property=\"og:type\" content=\"article\" \/>\n<meta property=\"og:title\" content=\"Endodoncia - Odontolog\u00eda BORDEL NIETO\" \/>\n<meta property=\"og:description\" content=\"&nbsp; La endodoncia es el tratamiento de la pulpa dentaria, cuando \u00e9sta se ve afectada por una gran caries o existen s\u00edntomas de pulpitis. La pulpa contiene vasos y nervios, se encuentra en el interior de los dientes, en la&hellip;Read more &rarr;\" \/>\n<meta property=\"og:url\" content=\"https:\/\/www.odontologiabordelnieto.es\/?page_id=124\" \/>\n<meta property=\"og:site_name\" content=\"Odontolog\u00eda BORDEL NIETO\" \/>\n<meta property=\"article:modified_time\" content=\"2013-09-18T18:26:53+00:00\" \/>\n<meta property=\"og:image\" content=\"https:\/\/www.odontologiabordelnieto.es\/wp-content\/uploads\/ENDODONCIA1.jpg\" \/>\n<meta name=\"twitter:card\" content=\"summary_large_image\" \/>\n<meta name=\"twitter:label1\" content=\"Tiempo de lectura\" \/>\n\t<meta name=\"twitter:data1\" content=\"1 minuto\" \/>\n<script type=\"application\/ld+json\" class=\"yoast-schema-graph\">{\"@context\":\"https:\/\/schema.org\",\"@graph\":[{\"@type\":\"WebPage\",\"@id\":\"https:\/\/www.odontologiabordelnieto.es\/?page_id=124\",\"url\":\"https:\/\/www.odontologiabordelnieto.es\/?page_id=124\",\"name\":\"Endodoncia - Odontolog\u00eda BORDEL NIETO\",\"isPartOf\":{\"@id\":\"https:\/\/www.odontologiabordelnieto.es\/#website\"},\"datePublished\":\"2013-07-25T02:35:04+00:00\",\"dateModified\":\"2013-09-18T18:26:53+00:00\",\"breadcrumb\":{\"@id\":\"https:\/\/www.odontologiabordelnieto.es\/?page_id=124#breadcrumb\"},\"inLanguage\":\"es\",\"potentialAction\":[{\"@type\":\"ReadAction\",\"target\":[\"https:\/\/www.odontologiabordelnieto.es\/?page_id=124\"]}]},{\"@type\":\"BreadcrumbList\",\"@id\":\"https:\/\/www.odontologiabordelnieto.es\/?page_id=124#breadcrumb\",\"itemListElement\":[{\"@type\":\"ListItem\",\"position\":1,\"name\":\"Portada\",\"item\":\"https:\/\/www.odontologiabordelnieto.es\/\"},{\"@type\":\"ListItem\",\"position\":2,\"name\":\"Endodoncia\"}]},{\"@type\":\"WebSite\",\"@id\":\"https:\/\/www.odontologiabordelnieto.es\/#website\",\"url\":\"https:\/\/www.odontologiabordelnieto.es\/\",\"name\":\"Odontolog\u00eda BORDEL NIETO\",\"description\":\"Los mejores especialistas en tu salud bucodental\",\"potentialAction\":[{\"@type\":\"SearchAction\",\"target\":{\"@type\":\"EntryPoint\",\"urlTemplate\":\"https:\/\/www.odontologiabordelnieto.es\/?s={search_term_string}\"},\"query-input\":\"required name=search_term_string\"}],\"inLanguage\":\"es\"}]}<\/script>\n<!-- \/ Yoast SEO plugin. -->","yoast_head_json":{"title":"Endodoncia - Odontolog\u00eda BORDEL NIETO","robots":{"index":"index","follow":"follow","max-snippet":"max-snippet:-1","max-image-preview":"max-image-preview:large","max-video-preview":"max-video-preview:-1"},"canonical":"https:\/\/www.odontologiabordelnieto.es\/?page_id=124","og_locale":"es_ES","og_type":"article","og_title":"Endodoncia - Odontolog\u00eda BORDEL NIETO","og_description":"&nbsp; La endodoncia es el tratamiento de la pulpa dentaria, cuando \u00e9sta se ve afectada por una gran caries o existen s\u00edntomas de pulpitis. La pulpa contiene vasos y nervios, se encuentra en el interior de los dientes, en la&hellip;Read more &rarr;","og_url":"https:\/\/www.odontologiabordelnieto.es\/?page_id=124","og_site_name":"Odontolog\u00eda BORDEL NIETO","article_modified_time":"2013-09-18T18:26:53+00:00","og_image":[{"url":"https:\/\/www.odontologiabordelnieto.es\/wp-content\/uploads\/ENDODONCIA1.jpg"}],"twitter_card":"summary_large_image","twitter_misc":{"Tiempo de lectura":"1 minuto"},"schema":{"@context":"https:\/\/schema.org","@graph":[{"@type":"WebPage","@id":"https:\/\/www.odontologiabordelnieto.es\/?page_id=124","url":"https:\/\/www.odontologiabordelnieto.es\/?page_id=124","name":"Endodoncia - Odontolog\u00eda BORDEL NIETO","isPartOf":{"@id":"https:\/\/www.odontologiabordelnieto.es\/#website"},"datePublished":"2013-07-25T02:35:04+00:00","dateModified":"2013-09-18T18:26:53+00:00","breadcrumb":{"@id":"https:\/\/www.odontologiabordelnieto.es\/?page_id=124#breadcrumb"},"inLanguage":"es","potentialAction":[{"@type":"ReadAction","target":["https:\/\/www.odontologiabordelnieto.es\/?page_id=124"]}]},{"@type":"BreadcrumbList","@id":"https:\/\/www.odontologiabordelnieto.es\/?page_id=124#breadcrumb","itemListElement":[{"@type":"ListItem","position":1,"name":"Portada","item":"https:\/\/www.odontologiabordelnieto.es\/"},{"@type":"ListItem","position":2,"name":"Endodoncia"}]},{"@type":"WebSite","@id":"https:\/\/www.odontologiabordelnieto.es\/#website","url":"https:\/\/www.odontologiabordelnieto.es\/","name":"Odontolog\u00eda BORDEL NIETO","description":"Los mejores especialistas en tu salud bucodental","potentialAction":[{"@type":"SearchAction","target":{"@type":"EntryPoint","urlTemplate":"https:\/\/www.odontologiabordelnieto.es\/?s={search_term_string}"},"query-input":"required name=search_term_string"}],"inLanguage":"es"}]}},"_links":{"self":[{"href":"https:\/\/www.odontologiabordelnieto.es\/index.php?rest_route=\/wp\/v2\/pages\/124"}],"collection":[{"href":"https:\/\/www.odontologiabordelnieto.es\/index.php?rest_route=\/wp\/v2\/pages"}],"about":[{"href":"https:\/\/www.odontologiabordelnieto.es\/index.php?rest_route=\/wp\/v2\/types\/page"}],"author":[{"embeddable":true,"href":"https:\/\/www.odontologiabordelnieto.es\/index.php?rest_route=\/wp\/v2\/users\/1"}],"replies":[{"embeddable":true,"href":"https:\/\/www.odontologiabordelnieto.es\/index.php?rest_route=%2Fwp%2Fv2%2Fcomments&post=124"}],"version-history":[{"count":10,"href":"https:\/\/www.odontologiabordelnieto.es\/index.php?rest_route=\/wp\/v2\/pages\/124\/revisions"}],"predecessor-version":[{"id":335,"href":"https:\/\/www.odontologiabordelnieto.es\/index.php?rest_route=\/wp\/v2\/pages\/124\/revisions\/335"}],"wp:attachment":[{"href":"https:\/\/www.odontologiabordelnieto.es\/index.php?rest_route=%2Fwp%2Fv2%2Fmedia&parent=124"}],"curies":[{"name":"wp","href":"https:\/\/api.w.org\/{rel}","templated":true}]}}