{"id":2,"date":"2013-07-24T14:37:26","date_gmt":"2013-07-24T14:37:26","guid":{"rendered":"https:\/\/www.odontologiabordelnieto.es\/?page_id=2"},"modified":"2013-10-27T10:50:29","modified_gmt":"2013-10-27T10:50:29","slug":"tratamientos_odontologicos","status":"publish","type":"page","link":"https:\/\/www.odontologiabordelnieto.es\/?page_id=2","title":{"rendered":"Tratamientos Odontol\u00f3gicos"},"content":{"rendered":"<p>&nbsp;<\/p>\n<table style=\"background-color: #dddddd; width: 880px; height: 410px;\" border=\"0\" cellspacing=\"0\">\n<tbody>\n<tr>\n<td style=\"background-color: #dddddd; width: 450px; text-align: center;\" valign=\"top\"><a title=\"Odontolog\u00eda Conservadora\" href=\"https:\/\/www.odontologiabordelnieto.es\/?page_id=90\"><img decoding=\"async\" loading=\"lazy\" class=\"size-full wp-image-106\" alt=\"Odontolog\u00eda Conservadora\" src=\"https:\/\/www.odontologiabordelnieto.es\/wp-content\/uploads\/Odontologia-Conservadora.jpg\" width=\"397\" height=\"263\" srcset=\"https:\/\/www.odontologiabordelnieto.es\/wp-content\/uploads\/Odontologia-Conservadora.jpg 397w, https:\/\/www.odontologiabordelnieto.es\/wp-content\/uploads\/Odontologia-Conservadora-300x198.jpg 300w\" sizes=\"(max-width: 397px) 100vw, 397px\" \/><\/a><\/p>\n<p style=\"text-align: center;\"><a title=\"Odontolog\u00eda Conservadora\" href=\"https:\/\/www.odontologiabordelnieto.es\/?page_id=90\"><strong>Odontolog\u00eda Conservadora<\/strong><\/a><\/p>\n<\/td>\n<td style=\"background-color: #dddddd; width: 450px;\" valign=\"top\">\n<p style=\"text-align: center;\"><a title=\"Endodoncia\" href=\"https:\/\/www.odontologiabordelnieto.es\/?page_id=124\"><img decoding=\"async\" loading=\"lazy\" class=\"size-full wp-image-111 aligncenter\" alt=\"Endodoncia Molar Inferior\" src=\"https:\/\/www.odontologiabordelnieto.es\/wp-content\/uploads\/Endodoncia-Molar-Inferior.jpg\" width=\"349\" height=\"263\" srcset=\"https:\/\/www.odontologiabordelnieto.es\/wp-content\/uploads\/Endodoncia-Molar-Inferior.jpg 349w, https:\/\/www.odontologiabordelnieto.es\/wp-content\/uploads\/Endodoncia-Molar-Inferior-300x226.jpg 300w\" sizes=\"(max-width: 349px) 100vw, 349px\" \/><\/a><\/p>\n<p style=\"text-align: center;\"><b><a title=\"Endodoncia\" href=\"https:\/\/www.odontologiabordelnieto.es\/?page_id=124\">Endodoncia<\/a><\/b><\/p>\n<\/td>\n<\/tr>\n<tr>\n<td style=\"background-color: #dddddd; width: 450px;\" valign=\"top\">\u00a0<a title=\"Ortodoncia\" href=\"https:\/\/www.odontologiabordelnieto.es\/?page_id=132\"><img decoding=\"async\" loading=\"lazy\" class=\"size-full wp-image-129 aligncenter\" alt=\"Ortodoncia\" src=\"https:\/\/www.odontologiabordelnieto.es\/wp-content\/uploads\/Ortodoncia.jpg\" width=\"399\" height=\"243\" srcset=\"https:\/\/www.odontologiabordelnieto.es\/wp-content\/uploads\/Ortodoncia.jpg 399w, https:\/\/www.odontologiabordelnieto.es\/wp-content\/uploads\/Ortodoncia-300x182.jpg 300w\" sizes=\"(max-width: 399px) 100vw, 399px\" \/><\/a><\/p>\n<p style=\"text-align: center;\"><a title=\"Ortodoncia\" href=\"https:\/\/www.odontologiabordelnieto.es\/?page_id=132\"><strong>Ortodoncia<\/strong><\/a><\/p>\n<\/td>\n<td style=\"background-color: #dddddd; width: 450px;\" valign=\"top\">\u00a0<a title=\"Periodoncia\" href=\"https:\/\/www.odontologiabordelnieto.es\/?page_id=141\"><img decoding=\"async\" loading=\"lazy\" class=\"size-full wp-image-137 aligncenter\" alt=\"Periodoncia\" src=\"https:\/\/www.odontologiabordelnieto.es\/wp-content\/uploads\/Periodoncia.jpg\" width=\"356\" height=\"264\" srcset=\"https:\/\/www.odontologiabordelnieto.es\/wp-content\/uploads\/Periodoncia.jpg 356w, https:\/\/www.odontologiabordelnieto.es\/wp-content\/uploads\/Periodoncia-300x222.jpg 300w\" sizes=\"(max-width: 356px) 100vw, 356px\" \/><\/a><\/p>\n<p style=\"text-align: center;\"><a title=\"Periodoncia\" href=\"https:\/\/www.odontologiabordelnieto.es\/?page_id=141\"><strong>Periodoncia<\/strong><\/a><\/p>\n<\/td>\n<\/tr>\n<tr>\n<td style=\"text-align: center; background-color: #dddddd; width: 450px;\" valign=\"center\"><a title=\"Pr\u00f3tesis\" href=\"https:\/\/www.odontologiabordelnieto.es\/?page_id=143\"><img decoding=\"async\" loading=\"lazy\" class=\"aligncenter size-full wp-image-426\" alt=\"Pr\u00f3tesis\" src=\"https:\/\/www.odontologiabordelnieto.es\/wp-content\/uploads\/Protesis.jpg\" width=\"363\" height=\"269\" srcset=\"https:\/\/www.odontologiabordelnieto.es\/wp-content\/uploads\/Protesis.jpg 363w, https:\/\/www.odontologiabordelnieto.es\/wp-content\/uploads\/Protesis-300x222.jpg 300w\" sizes=\"(max-width: 363px) 100vw, 363px\" \/><\/a><a title=\"Pr\u00f3tesis\" href=\"https:\/\/www.odontologiabordelnieto.es\/?page_id=143\"><strong>Pr\u00f3tesis<\/strong><\/a><\/td>\n<td style=\"background-color: #dddddd; width: 450px;\" valign=\"center\"><a title=\"Implantes\" href=\"https:\/\/www.odontologiabordelnieto.es\/?page_id=145\"><img decoding=\"async\" loading=\"lazy\" class=\"aligncenter size-full wp-image-155\" alt=\"Implantes\" src=\"https:\/\/www.odontologiabordelnieto.es\/wp-content\/uploads\/Implantes.jpg\" width=\"344\" height=\"263\" srcset=\"https:\/\/www.odontologiabordelnieto.es\/wp-content\/uploads\/Implantes.jpg 344w, https:\/\/www.odontologiabordelnieto.es\/wp-content\/uploads\/Implantes-300x229.jpg 300w\" sizes=\"(max-width: 344px) 100vw, 344px\" \/><\/a><\/p>\n<p style=\"text-align: center;\"><a title=\"Implantes\" href=\"https:\/\/www.odontologiabordelnieto.es\/?page_id=145\"><strong>Implantes<\/strong><\/a><\/p>\n<\/td>\n<\/tr>\n<\/tbody>\n<\/table>\n<p><\/p>\n","protected":false},"excerpt":{"rendered":"<p>&nbsp; Odontolog\u00eda Conservadora Endodoncia \u00a0 Ortodoncia \u00a0 Periodoncia Pr\u00f3tesis Implantes<\/p>\n","protected":false},"author":1,"featured_media":0,"parent":0,"menu_order":0,"comment_status":"closed","ping_status":"closed","template":"","meta":[],"yoast_head":"<!-- This site is optimized with the Yoast SEO plugin v19.10 - https:\/\/yoast.com\/wordpress\/plugins\/seo\/ -->\n<title>Tratamientos Odontol\u00f3gicos - Odontolog\u00eda BORDEL NIETO<\/title>\n<meta name=\"robots\" content=\"index, follow, max-snippet:-1, max-image-preview:large, max-video-preview:-1\" \/>\n<link rel=\"canonical\" href=\"https:\/\/www.odontologiabordelnieto.es\/?page_id=2\" \/>\n<meta property=\"og:locale\" content=\"es_ES\" \/>\n<meta property=\"og:type\" content=\"article\" \/>\n<meta property=\"og:title\" content=\"Tratamientos Odontol\u00f3gicos - Odontolog\u00eda BORDEL NIETO\" \/>\n<meta property=\"og:description\" content=\"&nbsp; Odontolog\u00eda Conservadora Endodoncia \u00a0 Ortodoncia \u00a0 Periodoncia Pr\u00f3tesis Implantes\" \/>\n<meta property=\"og:url\" content=\"https:\/\/www.odontologiabordelnieto.es\/?page_id=2\" \/>\n<meta property=\"og:site_name\" content=\"Odontolog\u00eda BORDEL NIETO\" \/>\n<meta property=\"article:modified_time\" content=\"2013-10-27T10:50:29+00:00\" \/>\n<meta property=\"og:image\" content=\"https:\/\/www.odontologiabordelnieto.es\/wp-content\/uploads\/Odontologia-Conservadora.jpg\" \/>\n<meta name=\"twitter:card\" content=\"summary_large_image\" \/>\n<script type=\"application\/ld+json\" class=\"yoast-schema-graph\">{\"@context\":\"https:\/\/schema.org\",\"@graph\":[{\"@type\":\"WebPage\",\"@id\":\"https:\/\/www.odontologiabordelnieto.es\/?page_id=2\",\"url\":\"https:\/\/www.odontologiabordelnieto.es\/?page_id=2\",\"name\":\"Tratamientos Odontol\u00f3gicos - Odontolog\u00eda BORDEL NIETO\",\"isPartOf\":{\"@id\":\"https:\/\/www.odontologiabordelnieto.es\/#website\"},\"datePublished\":\"2013-07-24T14:37:26+00:00\",\"dateModified\":\"2013-10-27T10:50:29+00:00\",\"breadcrumb\":{\"@id\":\"https:\/\/www.odontologiabordelnieto.es\/?page_id=2#breadcrumb\"},\"inLanguage\":\"es\",\"potentialAction\":[{\"@type\":\"ReadAction\",\"target\":[\"https:\/\/www.odontologiabordelnieto.es\/?page_id=2\"]}]},{\"@type\":\"BreadcrumbList\",\"@id\":\"https:\/\/www.odontologiabordelnieto.es\/?page_id=2#breadcrumb\",\"itemListElement\":[{\"@type\":\"ListItem\",\"position\":1,\"name\":\"Portada\",\"item\":\"https:\/\/www.odontologiabordelnieto.es\/\"},{\"@type\":\"ListItem\",\"position\":2,\"name\":\"Tratamientos Odontol\u00f3gicos\"}]},{\"@type\":\"WebSite\",\"@id\":\"https:\/\/www.odontologiabordelnieto.es\/#website\",\"url\":\"https:\/\/www.odontologiabordelnieto.es\/\",\"name\":\"Odontolog\u00eda BORDEL NIETO\",\"description\":\"Los mejores especialistas en tu salud bucodental\",\"potentialAction\":[{\"@type\":\"SearchAction\",\"target\":{\"@type\":\"EntryPoint\",\"urlTemplate\":\"https:\/\/www.odontologiabordelnieto.es\/?s={search_term_string}\"},\"query-input\":\"required name=search_term_string\"}],\"inLanguage\":\"es\"}]}<\/script>\n<!-- \/ Yoast SEO plugin. -->","yoast_head_json":{"title":"Tratamientos Odontol\u00f3gicos - Odontolog\u00eda BORDEL NIETO","robots":{"index":"index","follow":"follow","max-snippet":"max-snippet:-1","max-image-preview":"max-image-preview:large","max-video-preview":"max-video-preview:-1"},"canonical":"https:\/\/www.odontologiabordelnieto.es\/?page_id=2","og_locale":"es_ES","og_type":"article","og_title":"Tratamientos Odontol\u00f3gicos - Odontolog\u00eda BORDEL NIETO","og_description":"&nbsp; Odontolog\u00eda Conservadora Endodoncia \u00a0 Ortodoncia \u00a0 Periodoncia Pr\u00f3tesis Implantes","og_url":"https:\/\/www.odontologiabordelnieto.es\/?page_id=2","og_site_name":"Odontolog\u00eda BORDEL NIETO","article_modified_time":"2013-10-27T10:50:29+00:00","og_image":[{"url":"https:\/\/www.odontologiabordelnieto.es\/wp-content\/uploads\/Odontologia-Conservadora.jpg"}],"twitter_card":"summary_large_image","schema":{"@context":"https:\/\/schema.org","@graph":[{"@type":"WebPage","@id":"https:\/\/www.odontologiabordelnieto.es\/?page_id=2","url":"https:\/\/www.odontologiabordelnieto.es\/?page_id=2","name":"Tratamientos Odontol\u00f3gicos - Odontolog\u00eda BORDEL NIETO","isPartOf":{"@id":"https:\/\/www.odontologiabordelnieto.es\/#website"},"datePublished":"2013-07-24T14:37:26+00:00","dateModified":"2013-10-27T10:50:29+00:00","breadcrumb":{"@id":"https:\/\/www.odontologiabordelnieto.es\/?page_id=2#breadcrumb"},"inLanguage":"es","potentialAction":[{"@type":"ReadAction","target":["https:\/\/www.odontologiabordelnieto.es\/?page_id=2"]}]},{"@type":"BreadcrumbList","@id":"https:\/\/www.odontologiabordelnieto.es\/?page_id=2#breadcrumb","itemListElement":[{"@type":"ListItem","position":1,"name":"Portada","item":"https:\/\/www.odontologiabordelnieto.es\/"},{"@type":"ListItem","position":2,"name":"Tratamientos Odontol\u00f3gicos"}]},{"@type":"WebSite","@id":"https:\/\/www.odontologiabordelnieto.es\/#website","url":"https:\/\/www.odontologiabordelnieto.es\/","name":"Odontolog\u00eda BORDEL NIETO","description":"Los mejores especialistas en tu salud bucodental","potentialAction":[{"@type":"SearchAction","target":{"@type":"EntryPoint","urlTemplate":"https:\/\/www.odontologiabordelnieto.es\/?s={search_term_string}"},"query-input":"required name=search_term_string"}],"inLanguage":"es"}]}},"_links":{"self":[{"href":"https:\/\/www.odontologiabordelnieto.es\/index.php?rest_route=\/wp\/v2\/pages\/2"}],"collection":[{"href":"https:\/\/www.odontologiabordelnieto.es\/index.php?rest_route=\/wp\/v2\/pages"}],"about":[{"href":"https:\/\/www.odontologiabordelnieto.es\/index.php?rest_route=\/wp\/v2\/types\/page"}],"author":[{"embeddable":true,"href":"https:\/\/www.odontologiabordelnieto.es\/index.php?rest_route=\/wp\/v2\/users\/1"}],"replies":[{"embeddable":true,"href":"https:\/\/www.odontologiabordelnieto.es\/index.php?rest_route=%2Fwp%2Fv2%2Fcomments&post=2"}],"version-history":[{"count":80,"href":"https:\/\/www.odontologiabordelnieto.es\/index.php?rest_route=\/wp\/v2\/pages\/2\/revisions"}],"predecessor-version":[{"id":429,"href":"https:\/\/www.odontologiabordelnieto.es\/index.php?rest_route=\/wp\/v2\/pages\/2\/revisions\/429"}],"wp:attachment":[{"href":"https:\/\/www.odontologiabordelnieto.es\/index.php?rest_route=%2Fwp%2Fv2%2Fmedia&parent=2"}],"curies":[{"name":"wp","href":"https:\/\/api.w.org\/{rel}","templated":true}]}}