{"id":42,"date":"2013-07-24T23:44:44","date_gmt":"2013-07-24T23:44:44","guid":{"rendered":"https:\/\/www.odontologiabordelnieto.es\/?page_id=42"},"modified":"2013-10-27T10:07:34","modified_gmt":"2013-10-27T10:07:34","slug":"inicio","status":"publish","type":"page","link":"https:\/\/www.odontologiabordelnieto.es\/","title":{"rendered":"La Cl\u00ednica"},"content":{"rendered":"<p>&nbsp;<\/p>\n<table border=\"0\">\n<tbody>\n<tr>\n<td style=\"background-color: #dddddd; border: #ffffff 1px solid;\"><span style=\"font-size: medium;\"><span style=\"color: #000000;\">Inaugurada en\u00a01996, somos una peque\u00f1a cl\u00ednica que ofrece todos los tratamientos dentales buscando una relaci\u00f3n de confianza mutua m\u00e9dico-paciente.<\/span><\/span><span style=\"font-size: medium;\"><span style=\"color: #000000;\">Nuestro primer objetivo es prevenir la aparici\u00f3n de problemas para\u00a0que nuestros pacientes tengan una buena salud oral. <\/span><\/span><span style=\"font-size: medium;\"><span style=\"color: #000000;\">Los h\u00e1bitos de higiene dental son fundamentales.<\/span><\/span><span style=\"font-size: medium;\"><span style=\"color: #000000;\">La placa dental es la responsable de la mayor\u00eda de los problemas.<\/span><\/span><\/p>\n<p><span style=\"font-size: medium;\"><span style=\"color: #000000;\">La placa es una acumulaci\u00f3n de microorganismos que se adhieren a las paredes de las piezas dentales y que pueden llegar a producir con el tiempo enfermedades como la caries, la gingivitis y la enfermedad periodontal\u00a0 (piorrea) con la consiguiente p\u00e9rdida de dientes.<\/span><\/span><\/p>\n<p><span style=\"color: #000000; font-size: medium;\">Para evitarlo es fundamental\u00a0 la correcta higiene bucal diaria\u00a0 y la visita peri\u00f3dica al dentista para un diagnostico precoz. La periodicidad oscila entre cada 4 o 6 meses hasta 1 a\u00f1o dependiendo de los casos.<\/span><\/p>\n<p style=\"text-align: center;\"><span style=\"color: #ff0000; font-size: medium;\">Nuestros\u00a0pacientes reciben una carta de revisi\u00f3n anual o semestral como recordatorio seg\u00fan los casos.<\/span><\/p>\n<p style=\"text-align: center;\"><span style=\"color: #000000; font-size: medium;\">La inmensa mayor\u00eda de las personas que nos conocen contin\u00faan despu\u00e9s acudiendo a nuestra consulta.<\/span><\/p>\n<p style=\"text-align: center;\"><span style=\"color: #339966; font-size: medium;\">Contamos con la autorizaci\u00f3n de la Consejer\u00eda de Sanidad de la Comunidad de Madrid N\u00famero: CS0900<\/span><\/p>\n<\/td>\n<\/tr>\n<\/tbody>\n<\/table>\n<p><\/p>\n","protected":false},"excerpt":{"rendered":"<p>&nbsp; Inaugurada en\u00a01996, somos una peque\u00f1a cl\u00ednica que ofrece todos los tratamientos dentales buscando una relaci\u00f3n de confianza mutua m\u00e9dico-paciente.Nuestro primer objetivo es prevenir la aparici\u00f3n de problemas para\u00a0que nuestros pacientes tengan una buena salud oral. Los h\u00e1bitos de higiene&hellip;<\/p>\n<p class=\"more-link-p\"><a class=\"more-link\" href=\"https:\/\/www.odontologiabordelnieto.es\/\">Read more &rarr;<\/a><\/p>\n","protected":false},"author":1,"featured_media":0,"parent":0,"menu_order":0,"comment_status":"closed","ping_status":"open","template":"","meta":[],"yoast_head":"<!-- This site is optimized with the Yoast SEO plugin v19.10 - https:\/\/yoast.com\/wordpress\/plugins\/seo\/ -->\n<title>La Cl\u00ednica - Odontolog\u00eda BORDEL NIETO<\/title>\n<meta name=\"robots\" content=\"index, follow, max-snippet:-1, max-image-preview:large, max-video-preview:-1\" \/>\n<link rel=\"canonical\" href=\"https:\/\/www.odontologiabordelnieto.es\/\" \/>\n<meta property=\"og:locale\" content=\"es_ES\" \/>\n<meta property=\"og:type\" content=\"article\" \/>\n<meta property=\"og:title\" content=\"La Cl\u00ednica - Odontolog\u00eda BORDEL NIETO\" \/>\n<meta property=\"og:description\" content=\"&nbsp; Inaugurada en\u00a01996, somos una peque\u00f1a cl\u00ednica que ofrece todos los tratamientos dentales buscando una relaci\u00f3n de confianza mutua m\u00e9dico-paciente.Nuestro primer objetivo es prevenir la aparici\u00f3n de problemas para\u00a0que nuestros pacientes tengan una buena salud oral. Los h\u00e1bitos de higiene&hellip;Read more &rarr;\" \/>\n<meta property=\"og:url\" content=\"https:\/\/www.odontologiabordelnieto.es\/\" \/>\n<meta property=\"og:site_name\" content=\"Odontolog\u00eda BORDEL NIETO\" \/>\n<meta property=\"article:modified_time\" content=\"2013-10-27T10:07:34+00:00\" \/>\n<meta name=\"twitter:card\" content=\"summary_large_image\" \/>\n<meta name=\"twitter:label1\" content=\"Tiempo de lectura\" \/>\n\t<meta name=\"twitter:data1\" content=\"1 minuto\" \/>\n<script type=\"application\/ld+json\" class=\"yoast-schema-graph\">{\"@context\":\"https:\/\/schema.org\",\"@graph\":[{\"@type\":\"WebPage\",\"@id\":\"https:\/\/www.odontologiabordelnieto.es\/\",\"url\":\"https:\/\/www.odontologiabordelnieto.es\/\",\"name\":\"La Cl\u00ednica - Odontolog\u00eda BORDEL NIETO\",\"isPartOf\":{\"@id\":\"https:\/\/www.odontologiabordelnieto.es\/#website\"},\"datePublished\":\"2013-07-24T23:44:44+00:00\",\"dateModified\":\"2013-10-27T10:07:34+00:00\",\"breadcrumb\":{\"@id\":\"https:\/\/www.odontologiabordelnieto.es\/#breadcrumb\"},\"inLanguage\":\"es\",\"potentialAction\":[{\"@type\":\"ReadAction\",\"target\":[\"https:\/\/www.odontologiabordelnieto.es\/\"]}]},{\"@type\":\"BreadcrumbList\",\"@id\":\"https:\/\/www.odontologiabordelnieto.es\/#breadcrumb\",\"itemListElement\":[{\"@type\":\"ListItem\",\"position\":1,\"name\":\"Portada\",\"item\":\"https:\/\/www.odontologiabordelnieto.es\/\"},{\"@type\":\"ListItem\",\"position\":2,\"name\":\"La Cl\u00ednica\"}]},{\"@type\":\"WebSite\",\"@id\":\"https:\/\/www.odontologiabordelnieto.es\/#website\",\"url\":\"https:\/\/www.odontologiabordelnieto.es\/\",\"name\":\"Odontolog\u00eda BORDEL NIETO\",\"description\":\"Los mejores especialistas en tu salud bucodental\",\"potentialAction\":[{\"@type\":\"SearchAction\",\"target\":{\"@type\":\"EntryPoint\",\"urlTemplate\":\"https:\/\/www.odontologiabordelnieto.es\/?s={search_term_string}\"},\"query-input\":\"required name=search_term_string\"}],\"inLanguage\":\"es\"}]}<\/script>\n<!-- \/ Yoast SEO plugin. -->","yoast_head_json":{"title":"La Cl\u00ednica - Odontolog\u00eda BORDEL NIETO","robots":{"index":"index","follow":"follow","max-snippet":"max-snippet:-1","max-image-preview":"max-image-preview:large","max-video-preview":"max-video-preview:-1"},"canonical":"https:\/\/www.odontologiabordelnieto.es\/","og_locale":"es_ES","og_type":"article","og_title":"La Cl\u00ednica - Odontolog\u00eda BORDEL NIETO","og_description":"&nbsp; Inaugurada en\u00a01996, somos una peque\u00f1a cl\u00ednica que ofrece todos los tratamientos dentales buscando una relaci\u00f3n de confianza mutua m\u00e9dico-paciente.Nuestro primer objetivo es prevenir la aparici\u00f3n de problemas para\u00a0que nuestros pacientes tengan una buena salud oral. Los h\u00e1bitos de higiene&hellip;Read more &rarr;","og_url":"https:\/\/www.odontologiabordelnieto.es\/","og_site_name":"Odontolog\u00eda BORDEL NIETO","article_modified_time":"2013-10-27T10:07:34+00:00","twitter_card":"summary_large_image","twitter_misc":{"Tiempo de lectura":"1 minuto"},"schema":{"@context":"https:\/\/schema.org","@graph":[{"@type":"WebPage","@id":"https:\/\/www.odontologiabordelnieto.es\/","url":"https:\/\/www.odontologiabordelnieto.es\/","name":"La Cl\u00ednica - Odontolog\u00eda BORDEL NIETO","isPartOf":{"@id":"https:\/\/www.odontologiabordelnieto.es\/#website"},"datePublished":"2013-07-24T23:44:44+00:00","dateModified":"2013-10-27T10:07:34+00:00","breadcrumb":{"@id":"https:\/\/www.odontologiabordelnieto.es\/#breadcrumb"},"inLanguage":"es","potentialAction":[{"@type":"ReadAction","target":["https:\/\/www.odontologiabordelnieto.es\/"]}]},{"@type":"BreadcrumbList","@id":"https:\/\/www.odontologiabordelnieto.es\/#breadcrumb","itemListElement":[{"@type":"ListItem","position":1,"name":"Portada","item":"https:\/\/www.odontologiabordelnieto.es\/"},{"@type":"ListItem","position":2,"name":"La Cl\u00ednica"}]},{"@type":"WebSite","@id":"https:\/\/www.odontologiabordelnieto.es\/#website","url":"https:\/\/www.odontologiabordelnieto.es\/","name":"Odontolog\u00eda BORDEL NIETO","description":"Los mejores especialistas en tu salud bucodental","potentialAction":[{"@type":"SearchAction","target":{"@type":"EntryPoint","urlTemplate":"https:\/\/www.odontologiabordelnieto.es\/?s={search_term_string}"},"query-input":"required name=search_term_string"}],"inLanguage":"es"}]}},"_links":{"self":[{"href":"https:\/\/www.odontologiabordelnieto.es\/index.php?rest_route=\/wp\/v2\/pages\/42"}],"collection":[{"href":"https:\/\/www.odontologiabordelnieto.es\/index.php?rest_route=\/wp\/v2\/pages"}],"about":[{"href":"https:\/\/www.odontologiabordelnieto.es\/index.php?rest_route=\/wp\/v2\/types\/page"}],"author":[{"embeddable":true,"href":"https:\/\/www.odontologiabordelnieto.es\/index.php?rest_route=\/wp\/v2\/users\/1"}],"replies":[{"embeddable":true,"href":"https:\/\/www.odontologiabordelnieto.es\/index.php?rest_route=%2Fwp%2Fv2%2Fcomments&post=42"}],"version-history":[{"count":25,"href":"https:\/\/www.odontologiabordelnieto.es\/index.php?rest_route=\/wp\/v2\/pages\/42\/revisions"}],"predecessor-version":[{"id":64,"href":"https:\/\/www.odontologiabordelnieto.es\/index.php?rest_route=\/wp\/v2\/pages\/42\/revisions\/64"}],"wp:attachment":[{"href":"https:\/\/www.odontologiabordelnieto.es\/index.php?rest_route=%2Fwp%2Fv2%2Fmedia&parent=42"}],"curies":[{"name":"wp","href":"https:\/\/api.w.org\/{rel}","templated":true}]}}