{"id":59,"date":"2013-07-25T00:37:58","date_gmt":"2013-07-25T00:37:58","guid":{"rendered":"https:\/\/www.odontologiabordelnieto.es\/?page_id=59"},"modified":"2018-05-24T19:27:13","modified_gmt":"2018-05-24T19:27:13","slug":"aviso-legal","status":"publish","type":"page","link":"https:\/\/www.odontologiabordelnieto.es\/?page_id=59","title":{"rendered":"Aviso Legal y Pol\u00edtica de Privacidad"},"content":{"rendered":"<table border=\"0\">\n<tbody>\n<tr>\n<td style=\"text-align: justify;\">\n<p>odontologiabordelnieto.es (<a href=\"https:\/\/www.odontologiabordelnieto.es\">https:\/\/www.odontologiabordelnieto.es<\/a>) es un dominio en Internet que contiene un portal o p\u00e1gina web, cuya titularidad es privada con todos los derechos reservados. Datos de la Cl\u00ednica de Odontolog\u00eda Bordel Nieto son:<\/p>\n<p>RESPONSABLE<br \/>\nEntidad: Cl\u00ednica Bordel Nieto<br \/>\nDirecci\u00f3n Postal:\u00a0Collado de Marichiva, 2 &#8211; 1\u00baC (28035 Madrid)<br \/>\nTel\u00e9fono: 91 378 43 48<\/td>\n<\/tr>\n<tr>\n<td style=\"text-align: justify;\">\n<p>DELEGADO<\/p>\n<p>Datos de contacto del delegado en protecci\u00f3n de datos: No se dispone de delegado.<\/p>\n<p>FINALIDADES<br \/>\nDescripci\u00f3n ampliada de la finalidad\/es del tratamiento: En esta p\u00e1gina no se recoge informaci\u00f3n de ning\u00fan tipo<\/p>\n<p>CONSERVACI\u00d3N<br \/>\nPlazos o criterios de conservaci\u00f3n de los datos: Al no recoger informaci\u00f3n personal de ning\u00fan tipo, no conservamos datos por ning\u00fan periodo de tiempo<\/p>\n<p>DECISIONES<br \/>\nDecisiones automatizadas, perfiles y l\u00f3gica aplicada: La empresa NO tomar\u00e1 decisiones automatizadas, perfiles o l\u00f3gica aplicada a sus datos.<\/p>\n<p>LEGITIMACI\u00d3N<br \/>\nLegitimaci\u00f3n por ejecuci\u00f3n de un contrato: Esta web no recoge informaci\u00f3n privada no es necesaria la legitimaci\u00f3n de causa alguna.<\/p>\n<p>DESTINATARIOS<br \/>\nNo existen destinatarios de informaci\u00f3n al no recogerse datos<\/p>\n<p>DERECHOS<\/p>\n<p>En el caso de nuestro sitio web, al no recoger ninguna informaci\u00f3n personal, no es necesario ejercer derecho alguno al no existir datos personales guardados.<\/p>\n<p>PROCEDENCIA DE LOS DATOS<br \/>\nAl carecer de recogida de datos, no existe procedencia alguna<\/td>\n<\/tr>\n<\/tbody>\n<\/table>\n<p>&nbsp;<\/p>\n","protected":false},"excerpt":{"rendered":"<p>odontologiabordelnieto.es (https:\/\/www.odontologiabordelnieto.es) es un dominio en Internet que contiene un portal o p\u00e1gina web, cuya titularidad es privada con todos los derechos reservados. Datos de la Cl\u00ednica de Odontolog\u00eda Bordel Nieto son: RESPONSABLE Entidad: Cl\u00ednica Bordel Nieto Direcci\u00f3n Postal:\u00a0Collado de&hellip;<\/p>\n<p class=\"more-link-p\"><a class=\"more-link\" href=\"https:\/\/www.odontologiabordelnieto.es\/?page_id=59\">Read more &rarr;<\/a><\/p>\n","protected":false},"author":1,"featured_media":0,"parent":0,"menu_order":0,"comment_status":"closed","ping_status":"open","template":"","meta":[],"yoast_head":"<!-- This site is optimized with the Yoast SEO plugin v19.10 - https:\/\/yoast.com\/wordpress\/plugins\/seo\/ -->\n<title>Aviso Legal y Pol\u00edtica de Privacidad - Odontolog\u00eda BORDEL NIETO<\/title>\n<meta name=\"robots\" content=\"index, follow, max-snippet:-1, max-image-preview:large, max-video-preview:-1\" \/>\n<link rel=\"canonical\" href=\"https:\/\/www.odontologiabordelnieto.es\/?page_id=59\" \/>\n<meta property=\"og:locale\" content=\"es_ES\" \/>\n<meta property=\"og:type\" content=\"article\" \/>\n<meta property=\"og:title\" content=\"Aviso Legal y Pol\u00edtica de Privacidad - Odontolog\u00eda BORDEL NIETO\" \/>\n<meta property=\"og:description\" content=\"odontologiabordelnieto.es (https:\/\/www.odontologiabordelnieto.es) es un dominio en Internet que contiene un portal o p\u00e1gina web, cuya titularidad es privada con todos los derechos reservados. Datos de la Cl\u00ednica de Odontolog\u00eda Bordel Nieto son: RESPONSABLE Entidad: Cl\u00ednica Bordel Nieto Direcci\u00f3n Postal:\u00a0Collado de&hellip;Read more &rarr;\" \/>\n<meta property=\"og:url\" content=\"https:\/\/www.odontologiabordelnieto.es\/?page_id=59\" \/>\n<meta property=\"og:site_name\" content=\"Odontolog\u00eda BORDEL NIETO\" \/>\n<meta property=\"article:modified_time\" content=\"2018-05-24T19:27:13+00:00\" \/>\n<meta name=\"twitter:card\" content=\"summary_large_image\" \/>\n<meta name=\"twitter:label1\" content=\"Tiempo de lectura\" \/>\n\t<meta name=\"twitter:data1\" content=\"1 minuto\" \/>\n<script type=\"application\/ld+json\" class=\"yoast-schema-graph\">{\"@context\":\"https:\/\/schema.org\",\"@graph\":[{\"@type\":\"WebPage\",\"@id\":\"https:\/\/www.odontologiabordelnieto.es\/?page_id=59\",\"url\":\"https:\/\/www.odontologiabordelnieto.es\/?page_id=59\",\"name\":\"Aviso Legal y Pol\u00edtica de Privacidad - Odontolog\u00eda BORDEL NIETO\",\"isPartOf\":{\"@id\":\"https:\/\/www.odontologiabordelnieto.es\/#website\"},\"datePublished\":\"2013-07-25T00:37:58+00:00\",\"dateModified\":\"2018-05-24T19:27:13+00:00\",\"breadcrumb\":{\"@id\":\"https:\/\/www.odontologiabordelnieto.es\/?page_id=59#breadcrumb\"},\"inLanguage\":\"es\",\"potentialAction\":[{\"@type\":\"ReadAction\",\"target\":[\"https:\/\/www.odontologiabordelnieto.es\/?page_id=59\"]}]},{\"@type\":\"BreadcrumbList\",\"@id\":\"https:\/\/www.odontologiabordelnieto.es\/?page_id=59#breadcrumb\",\"itemListElement\":[{\"@type\":\"ListItem\",\"position\":1,\"name\":\"Portada\",\"item\":\"https:\/\/www.odontologiabordelnieto.es\/\"},{\"@type\":\"ListItem\",\"position\":2,\"name\":\"Aviso Legal y Pol\u00edtica de Privacidad\"}]},{\"@type\":\"WebSite\",\"@id\":\"https:\/\/www.odontologiabordelnieto.es\/#website\",\"url\":\"https:\/\/www.odontologiabordelnieto.es\/\",\"name\":\"Odontolog\u00eda BORDEL NIETO\",\"description\":\"Los mejores especialistas en tu salud bucodental\",\"potentialAction\":[{\"@type\":\"SearchAction\",\"target\":{\"@type\":\"EntryPoint\",\"urlTemplate\":\"https:\/\/www.odontologiabordelnieto.es\/?s={search_term_string}\"},\"query-input\":\"required name=search_term_string\"}],\"inLanguage\":\"es\"}]}<\/script>\n<!-- \/ Yoast SEO plugin. -->","yoast_head_json":{"title":"Aviso Legal y Pol\u00edtica de Privacidad - Odontolog\u00eda BORDEL NIETO","robots":{"index":"index","follow":"follow","max-snippet":"max-snippet:-1","max-image-preview":"max-image-preview:large","max-video-preview":"max-video-preview:-1"},"canonical":"https:\/\/www.odontologiabordelnieto.es\/?page_id=59","og_locale":"es_ES","og_type":"article","og_title":"Aviso Legal y Pol\u00edtica de Privacidad - Odontolog\u00eda BORDEL NIETO","og_description":"odontologiabordelnieto.es (https:\/\/www.odontologiabordelnieto.es) es un dominio en Internet que contiene un portal o p\u00e1gina web, cuya titularidad es privada con todos los derechos reservados. Datos de la Cl\u00ednica de Odontolog\u00eda Bordel Nieto son: RESPONSABLE Entidad: Cl\u00ednica Bordel Nieto Direcci\u00f3n Postal:\u00a0Collado de&hellip;Read more &rarr;","og_url":"https:\/\/www.odontologiabordelnieto.es\/?page_id=59","og_site_name":"Odontolog\u00eda BORDEL NIETO","article_modified_time":"2018-05-24T19:27:13+00:00","twitter_card":"summary_large_image","twitter_misc":{"Tiempo de lectura":"1 minuto"},"schema":{"@context":"https:\/\/schema.org","@graph":[{"@type":"WebPage","@id":"https:\/\/www.odontologiabordelnieto.es\/?page_id=59","url":"https:\/\/www.odontologiabordelnieto.es\/?page_id=59","name":"Aviso Legal y Pol\u00edtica de Privacidad - Odontolog\u00eda BORDEL NIETO","isPartOf":{"@id":"https:\/\/www.odontologiabordelnieto.es\/#website"},"datePublished":"2013-07-25T00:37:58+00:00","dateModified":"2018-05-24T19:27:13+00:00","breadcrumb":{"@id":"https:\/\/www.odontologiabordelnieto.es\/?page_id=59#breadcrumb"},"inLanguage":"es","potentialAction":[{"@type":"ReadAction","target":["https:\/\/www.odontologiabordelnieto.es\/?page_id=59"]}]},{"@type":"BreadcrumbList","@id":"https:\/\/www.odontologiabordelnieto.es\/?page_id=59#breadcrumb","itemListElement":[{"@type":"ListItem","position":1,"name":"Portada","item":"https:\/\/www.odontologiabordelnieto.es\/"},{"@type":"ListItem","position":2,"name":"Aviso Legal y Pol\u00edtica de Privacidad"}]},{"@type":"WebSite","@id":"https:\/\/www.odontologiabordelnieto.es\/#website","url":"https:\/\/www.odontologiabordelnieto.es\/","name":"Odontolog\u00eda BORDEL NIETO","description":"Los mejores especialistas en tu salud bucodental","potentialAction":[{"@type":"SearchAction","target":{"@type":"EntryPoint","urlTemplate":"https:\/\/www.odontologiabordelnieto.es\/?s={search_term_string}"},"query-input":"required name=search_term_string"}],"inLanguage":"es"}]}},"_links":{"self":[{"href":"https:\/\/www.odontologiabordelnieto.es\/index.php?rest_route=\/wp\/v2\/pages\/59"}],"collection":[{"href":"https:\/\/www.odontologiabordelnieto.es\/index.php?rest_route=\/wp\/v2\/pages"}],"about":[{"href":"https:\/\/www.odontologiabordelnieto.es\/index.php?rest_route=\/wp\/v2\/types\/page"}],"author":[{"embeddable":true,"href":"https:\/\/www.odontologiabordelnieto.es\/index.php?rest_route=\/wp\/v2\/users\/1"}],"replies":[{"embeddable":true,"href":"https:\/\/www.odontologiabordelnieto.es\/index.php?rest_route=%2Fwp%2Fv2%2Fcomments&post=59"}],"version-history":[{"count":9,"href":"https:\/\/www.odontologiabordelnieto.es\/index.php?rest_route=\/wp\/v2\/pages\/59\/revisions"}],"predecessor-version":[{"id":496,"href":"https:\/\/www.odontologiabordelnieto.es\/index.php?rest_route=\/wp\/v2\/pages\/59\/revisions\/496"}],"wp:attachment":[{"href":"https:\/\/www.odontologiabordelnieto.es\/index.php?rest_route=%2Fwp%2Fv2%2Fmedia&parent=59"}],"curies":[{"name":"wp","href":"https:\/\/api.w.org\/{rel}","templated":true}]}}